{"id":37,"date":"2023-05-15T18:11:08","date_gmt":"2023-05-15T16:11:08","guid":{"rendered":"https:\/\/hansebiker.de\/?page_id=37"},"modified":"2025-09-17T11:10:16","modified_gmt":"2025-09-17T09:10:16","slug":"ueber","status":"publish","type":"page","link":"https:\/\/hansebiker.de\/?page_id=37","title":{"rendered":"\u00dcber"},"content":{"rendered":"<p>[et_pb_section fb_built=&#8220;1&#8243; _builder_version=&#8220;4.21.0&#8243; _module_preset=&#8220;default&#8220; background_color=&#8220;#4a4e53&#8243; custom_margin=&#8220;0px||0px||false|false&#8220; custom_padding=&#8220;15px||15px||false|false&#8220; locked=&#8220;off&#8220; global_colors_info=&#8220;{}&#8220;][et_pb_row _builder_version=&#8220;4.21.0&#8243; _module_preset=&#8220;default&#8220; custom_margin=&#8220;||||false|false&#8220; custom_padding=&#8220;||||false|false&#8220; global_colors_info=&#8220;{}&#8220;][et_pb_column type=&#8220;4_4&#8243; _builder_version=&#8220;4.21.0&#8243; _module_preset=&#8220;default&#8220; global_colors_info=&#8220;{}&#8220;][et_pb_text _builder_version=&#8220;4.21.0&#8243; _module_preset=&#8220;default&#8220; header_text_align=&#8220;center&#8220; header_2_font=&#8220;|600|||||||&#8220; header_2_text_align=&#8220;center&#8220; header_2_text_color=&#8220;#000000&#8243; use_background_color_gradient=&#8220;on&#8220; background_color_gradient_stops=&#8220;#79bddb 0%|#1588ba 100%&#8220; text_orientation=&#8220;center&#8220; width=&#8220;60%&#8220; width_tablet=&#8220;60%&#8220; width_phone=&#8220;100%&#8220; width_last_edited=&#8220;on|phone&#8220; module_alignment=&#8220;center&#8220; custom_padding=&#8220;15px||15px||false|false&#8220; border_radii=&#8220;on|15px|15px|15px|15px&#8220; global_colors_info=&#8220;{}&#8220;]<\/p>\n<h2>\u00dcber Uns<\/h2>\n<p>[\/et_pb_text][\/et_pb_column][\/et_pb_row][et_pb_row column_structure=&#8220;1_2,1_2&#8243; _builder_version=&#8220;4.21.0&#8243; _module_preset=&#8220;default&#8220; global_colors_info=&#8220;{}&#8220;][et_pb_column type=&#8220;1_2&#8243; _builder_version=&#8220;4.21.0&#8243; _module_preset=&#8220;default&#8220; global_colors_info=&#8220;{}&#8220;][et_pb_image src=&#8220;https:\/\/hansebiker.de\/wp-content\/uploads\/2025\/09\/IMG-20250622-WA0006.jpg&#8220; align=&#8220;center&#8220; _builder_version=&#8220;4.27.4&#8243; _module_preset=&#8220;default&#8220; hover_enabled=&#8220;0&#8243; border_color_all=&#8220;#FFFFFF&#8220; box_shadow_style=&#8220;preset1&#8243; box_shadow_blur=&#8220;14px&#8220; box_shadow_color=&#8220;#FFFFFF&#8220; global_colors_info=&#8220;{}&#8220; title_text=&#8220;IMG-20250622-WA0006&#8243; sticky_enabled=&#8220;0&#8243;][\/et_pb_image][\/et_pb_column][et_pb_column type=&#8220;1_2&#8243; _builder_version=&#8220;4.21.0&#8243; _module_preset=&#8220;default&#8220; global_colors_info=&#8220;{}&#8220;][et_pb_text _builder_version=&#8220;4.21.0&#8243; _module_preset=&#8220;default&#8220; text_text_color=&#8220;#FABE57&#8243; header_2_font=&#8220;|600|||||||&#8220; header_2_text_align=&#8220;center&#8220; header_2_text_color=&#8220;#FABE57&#8243; global_colors_info=&#8220;{}&#8220;]<\/p>\n<h2><span>Seit 1999 &#8222;on the road&#8220; im Norden<\/span><\/h2>\n<p>[\/et_pb_text][et_pb_text _builder_version=&#8220;4.21.0&#8243; _module_preset=&#8220;default&#8220; text_text_color=&#8220;#FFFFFF&#8220; text_font_size=&#8220;16px&#8220; text_orientation=&#8220;center&#8220; width=&#8220;100%&#8220; custom_margin=&#8220;||75px||false|false&#8220; global_colors_info=&#8220;{}&#8220;]<\/p>\n<p><span>Aus einer Ausfahrt von 5 befreundeten Bikern ist unsere Fahrgemeinschaft 1999 entstanden und auch nach all den Jahren sind wir mit rund 15-20 Mitgliedern immer noch auf den Stra\u00dfen im Norden unterwegs. Unsere Ausflugsziele liegen in der Metropolregion Hamburg, an der Nord- und Ostsee-K\u00fcste\u00a0 oder in der Nordheide . Im Fr\u00fchjahr und Sommer unternehmen wir mehrt\u00e4gige Ausfahrten in weiter entfernte Regionen wie Harz, R\u00fcgen, Usedom, Berlin, D\u00e4nemark oder das Weser-Bergland (usw.). <\/span><\/p>\n<p>[\/et_pb_text][et_pb_text _builder_version=&#8220;4.21.0&#8243; _module_preset=&#8220;default&#8220; text_text_color=&#8220;#FABE57&#8243; header_2_font=&#8220;|600|||||||&#8220; header_2_text_align=&#8220;center&#8220; header_2_text_color=&#8220;#FABE57&#8243; locked=&#8220;off&#8220; global_colors_info=&#8220;{}&#8220;]<\/p>\n<h2><span>Frauen und M\u00e4nner sind gleichgestellt<\/span><\/h2>\n<p>[\/et_pb_text][et_pb_text _builder_version=&#8220;4.27.4&#8243; _module_preset=&#8220;default&#8220; text_text_color=&#8220;#FFFFFF&#8220; text_font_size=&#8220;16px&#8220; text_orientation=&#8220;center&#8220; width=&#8220;100%&#8220; module_alignment=&#8220;center&#8220; custom_margin=&#8220;||75px||false|false&#8220; locked=&#8220;off&#8220; global_colors_info=&#8220;{}&#8220;]<\/p>\n<p><span>Wir haben Spa\u00df am Biker-Lifestyle mit Leder-Kutte und Biker-Outfit, wir sind jedoch kein Verein oder MC. Wir sind offen f\u00fcr neue Mitglieder, die \u201eChemie\u201c muss jedoch stimmen. Deshalb gilt in der Regel eine individuelle Probezeit vor der Aufnahme als Voll-Mitglied. Bei uns sind M\u00e4nner und Frauen gleichgestellt.<\/span><\/p>\n<p>[\/et_pb_text][\/et_pb_column][\/et_pb_row][\/et_pb_section]<\/p>\n","protected":false},"excerpt":{"rendered":"<p>\u00dcber UnsSeit 1999 &#8222;on the road&#8220; im NordenAus einer Ausfahrt von 5 befreundeten Bikern ist unsere Fahrgemeinschaft 1999 entstanden und auch nach all den Jahren sind wir mit rund 15-20 Mitgliedern immer noch auf den Stra\u00dfen im Norden unterwegs. Unsere Ausflugsziele liegen in der Metropolregion Hamburg, an der Nord- und Ostsee-K\u00fcste\u00a0 oder in der Nordheide [&hellip;]<\/p>\n","protected":false},"author":1,"featured_media":0,"parent":0,"menu_order":0,"comment_status":"closed","ping_status":"closed","template":"","meta":{"_et_pb_use_builder":"on","_et_pb_old_content":"","_et_gb_content_width":"","footnotes":""},"class_list":["post-37","page","type-page","status-publish","hentry"],"_links":{"self":[{"href":"https:\/\/hansebiker.de\/index.php?rest_route=\/wp\/v2\/pages\/37","targetHints":{"allow":["GET"]}}],"collection":[{"href":"https:\/\/hansebiker.de\/index.php?rest_route=\/wp\/v2\/pages"}],"about":[{"href":"https:\/\/hansebiker.de\/index.php?rest_route=\/wp\/v2\/types\/page"}],"author":[{"embeddable":true,"href":"https:\/\/hansebiker.de\/index.php?rest_route=\/wp\/v2\/users\/1"}],"replies":[{"embeddable":true,"href":"https:\/\/hansebiker.de\/index.php?rest_route=%2Fwp%2Fv2%2Fcomments&post=37"}],"version-history":[{"count":14,"href":"https:\/\/hansebiker.de\/index.php?rest_route=\/wp\/v2\/pages\/37\/revisions"}],"predecessor-version":[{"id":254,"href":"https:\/\/hansebiker.de\/index.php?rest_route=\/wp\/v2\/pages\/37\/revisions\/254"}],"wp:attachment":[{"href":"https:\/\/hansebiker.de\/index.php?rest_route=%2Fwp%2Fv2%2Fmedia&parent=37"}],"curies":[{"name":"wp","href":"https:\/\/api.w.org\/{rel}","templated":true}]}}