{"id":38,"date":"2023-05-15T18:11:08","date_gmt":"2023-05-15T16:11:08","guid":{"rendered":"https:\/\/hansebiker.de\/?page_id=38"},"modified":"2026-02-26T10:43:49","modified_gmt":"2026-02-26T09:43:49","slug":"aktuelles","status":"publish","type":"page","link":"https:\/\/hansebiker.de\/?page_id=38","title":{"rendered":"Aktuelles"},"content":{"rendered":"<p>[et_pb_section fb_built=&#8220;1&#8243; _builder_version=&#8220;4.21.0&#8243; _module_preset=&#8220;default&#8220; background_color=&#8220;#4a4e53&#8243; custom_margin=&#8220;0px||0px||false|false&#8220; custom_padding=&#8220;15px||15px||false|false&#8220; locked=&#8220;off&#8220; global_colors_info=&#8220;{}&#8220;][et_pb_row _builder_version=&#8220;4.21.0&#8243; _module_preset=&#8220;default&#8220; custom_margin=&#8220;||||false|false&#8220; custom_padding=&#8220;||||false|false&#8220; global_colors_info=&#8220;{}&#8220;][et_pb_column type=&#8220;4_4&#8243; _builder_version=&#8220;4.21.0&#8243; _module_preset=&#8220;default&#8220; global_colors_info=&#8220;{}&#8220;][et_pb_text _builder_version=&#8220;4.27.4&#8243; _module_preset=&#8220;default&#8220; header_2_font=&#8220;|600|||||||&#8220; header_2_text_align=&#8220;center&#8220; header_2_text_color=&#8220;#000000&#8243; use_background_color_gradient=&#8220;on&#8220; background_color_gradient_stops=&#8220;#79bddb 0%|#1588ba 100%&#8220; width=&#8220;60%&#8220; width_tablet=&#8220;60%&#8220; width_phone=&#8220;100%&#8220; width_last_edited=&#8220;on|phone&#8220; module_alignment=&#8220;center&#8220; custom_padding=&#8220;15px||15px||false|false&#8220; border_radii=&#8220;on|15px|15px|15px|15px&#8220; global_colors_info=&#8220;{}&#8220;]<\/p>\n<h2>Hier findest du Aktuelles&#8230;<\/h2>\n<p>[\/et_pb_text][\/et_pb_column][\/et_pb_row][et_pb_row _builder_version=&#8220;4.21.0&#8243; _module_preset=&#8220;default&#8220; hover_enabled=&#8220;0&#8243; global_colors_info=&#8220;{}&#8220; sticky_enabled=&#8220;0&#8243;][et_pb_column type=&#8220;4_4&#8243; _builder_version=&#8220;4.21.0&#8243; _module_preset=&#8220;default&#8220; global_colors_info=&#8220;{}&#8220;][et_pb_text _builder_version=&#8220;4.27.4&#8243; _module_preset=&#8220;default&#8220; text_text_color=&#8220;#FFFFFF&#8220; text_font_size=&#8220;16px&#8220; text_orientation=&#8220;center&#8220; width=&#8220;100%&#8220; module_alignment=&#8220;center&#8220; custom_margin=&#8220;||||false|false&#8220; global_colors_info=&#8220;{}&#8220;]<\/p>\n<p><span>Wir freuen uns, dass du dich f\u00fcr unsere Veranstaltungen interessierst.<\/span><\/p>\n<p><span>Das offene Fr\u00fchst\u00fcck findet an folgenden Terminen um <span style=\"color: #99cc00;\">11:00 Uhr<\/span> statt:<\/span><\/p>\n<p><span style=\"color: #99cc00;\">08.03.2026<\/span> (Verschiebung wegen HMT?).<br \/>F\u00fcr das Fr\u00fchst\u00fcck ist (zwecks Planung) eine rechtzeitge Anmeldung erw\u00fcnscht.<\/p>\n<p>Stand auf der HMT B7 19f<br \/>Freitag &amp; Samstag von 10:00 &#8211; 19:00 Uhr<br \/>Sonntag von 10:00 &#8211; 18:00 Uhr<\/p>\n<p><span>Der allj\u00e4hrliche Charity Ride findet am 12.07.2026 ab 11:00 Uhr statt.<br \/>Dies findet 2026 zum <span style=\"text-decoration: underline; color: #99cc00;\"><strong>20ten Mal<\/strong><\/span> statt und wir hoffen<br \/>mit euch zusammen die <span style=\"text-decoration: underline; color: #99cc00;\"><strong>magische Marke von 100.000,- \u20ac<\/strong><\/span> zu knacken<\/span><\/p>\n<p>&nbsp;<\/p>\n<p><span><\/span><\/p>\n<p><span>Bleib gesund und auf ein baldiges Wiedersehen.<\/span><\/p>\n<p>[\/et_pb_text][et_pb_social_media_follow _builder_version=&#8220;4.21.0&#8243; _module_preset=&#8220;default&#8220; text_orientation=&#8220;center&#8220; global_colors_info=&#8220;{}&#8220;][et_pb_social_media_follow_network social_network=&#8220;facebook&#8220; url=&#8220;https:\/\/www.facebook.com\/hansebiker\/&#8220; icon_color=&#8220;#FFFFFF&#8220; use_icon_font_size=&#8220;on&#8220; icon_font_size=&#8220;30px&#8220; _builder_version=&#8220;4.21.0&#8243; _module_preset=&#8220;default&#8220; background_color=&#8220;#1588BA&#8220; background_enable_color=&#8220;on&#8220; use_background_color_gradient=&#8220;on&#8220; background_color_gradient_stops=&#8220;#79bddb 0%|#1588ba 100%&#8220; border_radii=&#8220;on|200px|200px|200px|200px&#8220; global_colors_info=&#8220;{}&#8220; follow_button=&#8220;off&#8220; url_new_window=&#8220;on&#8220;]facebook[\/et_pb_social_media_follow_network][et_pb_social_media_follow_network social_network=&#8220;google&#8220; url=&#8220;https:\/\/www.google.com\/maps?ll=53.47671,9.996465&#038;z=14&#038;t=m&#038;hl=de&#038;gl=US&#038;mapclient=embed&#038;q=Alte+Harburger+Elbbr%C3%BCcke+1+21107+Hamburg&#8220; icon_color=&#8220;#FFFFFF&#8220; use_icon_font_size=&#8220;on&#8220; icon_font_size=&#8220;30px&#8220; _builder_version=&#8220;4.21.0&#8243; _module_preset=&#8220;default&#8220; background_color=&#8220;#4285f4&#8243; background_enable_color=&#8220;on&#8220; use_background_color_gradient=&#8220;on&#8220; background_color_gradient_stops=&#8220;#79bddb 0%|#1588ba 100%&#8220; border_radii=&#8220;on|200px|200px|200px|200px&#8220; global_colors_info=&#8220;{}&#8220; follow_button=&#8220;off&#8220; url_new_window=&#8220;on&#8220;]google[\/et_pb_social_media_follow_network][\/et_pb_social_media_follow][\/et_pb_column][\/et_pb_row][et_pb_row column_structure=&#8220;1_2,1_2&#8243; _builder_version=&#8220;4.21.0&#8243; _module_preset=&#8220;default&#8220; global_colors_info=&#8220;{}&#8220;][et_pb_column type=&#8220;1_2&#8243; _builder_version=&#8220;4.21.0&#8243; _module_preset=&#8220;default&#8220; global_colors_info=&#8220;{}&#8220;][et_pb_image src=&#8220;https:\/\/hansebiker.de\/wp-content\/uploads\/2025\/09\/IMG-20250917-WA0000-2.jpg&#8220; title_text=&#8220;IMG-20250917-WA0000 2&#8243; align=&#8220;center&#8220; _builder_version=&#8220;4.27.4&#8243; _module_preset=&#8220;default&#8220; border_color_all=&#8220;#FFFFFF&#8220; box_shadow_style=&#8220;preset1&#8243; box_shadow_blur=&#8220;14px&#8220; box_shadow_color=&#8220;#FFFFFF&#8220; global_colors_info=&#8220;{}&#8220;][\/et_pb_image][\/et_pb_column][et_pb_column type=&#8220;1_2&#8243; _builder_version=&#8220;4.21.0&#8243; _module_preset=&#8220;default&#8220; global_colors_info=&#8220;{}&#8220;][et_pb_image src=&#8220;https:\/\/hansebiker.de\/wp-content\/uploads\/2025\/09\/IMG-20250622-WA0001-2.jpg&#8220; title_text=&#8220;IMG-20250622-WA0001 2&#8243; align=&#8220;center&#8220; _builder_version=&#8220;4.27.4&#8243; _module_preset=&#8220;default&#8220; border_color_all=&#8220;#FFFFFF&#8220; box_shadow_style=&#8220;preset1&#8243; box_shadow_blur=&#8220;14px&#8220; box_shadow_color=&#8220;#FFFFFF&#8220; global_colors_info=&#8220;{}&#8220;][\/et_pb_image][\/et_pb_column][\/et_pb_row][\/et_pb_section]<\/p>\n","protected":false},"excerpt":{"rendered":"<p>Hier findest du Aktuelles&#8230;Wir freuen uns, dass du dich f\u00fcr unsere Veranstaltungen interessierst. Das offene Fr\u00fchst\u00fcck findet an folgenden Terminen um 11:00 Uhr statt: 08.03.2026 (Verschiebung wegen HMT?).F\u00fcr das Fr\u00fchst\u00fcck ist (zwecks Planung) eine rechtzeitge Anmeldung erw\u00fcnscht. Stand auf der HMT B7 19fFreitag &amp; Samstag von 10:00 &#8211; 19:00 UhrSonntag von 10:00 &#8211; 18:00 Uhr [&hellip;]<\/p>\n","protected":false},"author":1,"featured_media":0,"parent":0,"menu_order":0,"comment_status":"closed","ping_status":"closed","template":"","meta":{"_et_pb_use_builder":"on","_et_pb_old_content":"","_et_gb_content_width":"","footnotes":""},"class_list":["post-38","page","type-page","status-publish","hentry"],"_links":{"self":[{"href":"https:\/\/hansebiker.de\/index.php?rest_route=\/wp\/v2\/pages\/38","targetHints":{"allow":["GET"]}}],"collection":[{"href":"https:\/\/hansebiker.de\/index.php?rest_route=\/wp\/v2\/pages"}],"about":[{"href":"https:\/\/hansebiker.de\/index.php?rest_route=\/wp\/v2\/types\/page"}],"author":[{"embeddable":true,"href":"https:\/\/hansebiker.de\/index.php?rest_route=\/wp\/v2\/users\/1"}],"replies":[{"embeddable":true,"href":"https:\/\/hansebiker.de\/index.php?rest_route=%2Fwp%2Fv2%2Fcomments&post=38"}],"version-history":[{"count":24,"href":"https:\/\/hansebiker.de\/index.php?rest_route=\/wp\/v2\/pages\/38\/revisions"}],"predecessor-version":[{"id":259,"href":"https:\/\/hansebiker.de\/index.php?rest_route=\/wp\/v2\/pages\/38\/revisions\/259"}],"wp:attachment":[{"href":"https:\/\/hansebiker.de\/index.php?rest_route=%2Fwp%2Fv2%2Fmedia&parent=38"}],"curies":[{"name":"wp","href":"https:\/\/api.w.org\/{rel}","templated":true}]}}